{"id":301,"date":"2024-01-31T21:44:24","date_gmt":"2024-01-31T21:44:24","guid":{"rendered":"https:\/\/consultoria54.com\/?page_id=301"},"modified":"2024-01-31T22:15:53","modified_gmt":"2024-01-31T22:15:53","slug":"soluciones-para-tu-negocio","status":"publish","type":"page","link":"https:\/\/consultoria54.com\/index.php\/soluciones-para-tu-negocio\/","title":{"rendered":"Soluciones para tu negocio"},"content":{"rendered":"\n<hr class=\"wp-block-separator has-alpha-channel-opacity\"\/>\n\n\n\n<p><br>El objetivo de nuestra firma es transformar la complejidad financiera en<strong> soluciones personalizadas<\/strong> para tu \u00e9xito empresarial. Descubre una nueva era de asesoramiento profesional, donde cada uno de nuestros productos est\u00e1 dise\u00f1ado con precisi\u00f3n para potenciar el crecimiento de tu empresa.<\/p>\n\n\n\n<p><\/p>\n\n\n\n<div class=\"wp-block-columns is-layout-flex wp-container-core-columns-is-layout-9d6595d7 wp-block-columns-is-layout-flex\">\n<div class=\"wp-block-column is-layout-flow wp-block-column-is-layout-flow\">\n<h3 class=\"wp-block-heading\">Contabilidad<\/h3>\n\n\n\n<figure class=\"wp-block-image size-full\"><img fetchpriority=\"high\" decoding=\"async\" width=\"768\" height=\"432\" src=\"https:\/\/consultoria54.com\/wp-content\/uploads\/2024\/01\/Adaptive-Accountancy-Family-Business-Accountancy-Services-edited.webp\" alt=\"\" class=\"wp-image-303\" srcset=\"https:\/\/consultoria54.com\/wp-content\/uploads\/2024\/01\/Adaptive-Accountancy-Family-Business-Accountancy-Services-edited.webp 768w, https:\/\/consultoria54.com\/wp-content\/uploads\/2024\/01\/Adaptive-Accountancy-Family-Business-Accountancy-Services-edited-300x169.webp 300w\" sizes=\"(max-width: 768px) 100vw, 768px\" \/><\/figure>\n\n\n\n<p>Desde los registros contables y las declaraciones de impuestos, hasta el manejo de tu n\u00f3mina. Optimizamos tu contabilidad de manera integral. <\/p>\n\n\n\n<div class=\"wp-block-buttons is-content-justification-left is-layout-flex wp-container-core-buttons-is-layout-fdcfc74e wp-block-buttons-is-layout-flex\">\n<div class=\"wp-block-button is-style-primary\"><a class=\"wp-block-button__link wp-element-button\">M\u00e1s informaci\u00f3n<\/a><\/div>\n<\/div>\n\n\n\n<div style=\"height:30px\" aria-hidden=\"true\" class=\"wp-block-spacer\"><\/div>\n<\/div>\n\n\n\n<div class=\"wp-block-column is-layout-flow wp-block-column-is-layout-flow\">\n<h3 class=\"wp-block-heading\">Auditor\u00eda<\/h3>\n\n\n\n<figure class=\"wp-block-image size-full is-resized\"><img decoding=\"async\" width=\"1500\" height=\"844\" src=\"https:\/\/consultoria54.com\/wp-content\/uploads\/2024\/01\/business-owner-hiring-an-accountant-edited.webp\" alt=\"\" class=\"wp-image-304\" style=\"width:385px;height:auto\" srcset=\"https:\/\/consultoria54.com\/wp-content\/uploads\/2024\/01\/business-owner-hiring-an-accountant-edited.webp 1500w, https:\/\/consultoria54.com\/wp-content\/uploads\/2024\/01\/business-owner-hiring-an-accountant-edited-300x169.webp 300w, https:\/\/consultoria54.com\/wp-content\/uploads\/2024\/01\/business-owner-hiring-an-accountant-edited-1024x576.webp 1024w, https:\/\/consultoria54.com\/wp-content\/uploads\/2024\/01\/business-owner-hiring-an-accountant-edited-768x432.webp 768w\" sizes=\"(max-width: 1500px) 100vw, 1500px\" \/><\/figure>\n\n\n\n<p>Somos el respaldo que fortalecer\u00e1 tus actividades, garantizando transparencia y manteniendo la integridad financiera de tu empresa.<\/p>\n\n\n\n<div class=\"wp-block-buttons is-layout-flex wp-block-buttons-is-layout-flex\">\n<div class=\"wp-block-button is-style-primary\"><a class=\"wp-block-button__link wp-element-button\">M\u00e1s informaci\u00f3n<\/a><\/div>\n<\/div>\n\n\n\n<div style=\"height:30px\" aria-hidden=\"true\" class=\"wp-block-spacer\"><\/div>\n<\/div>\n\n\n\n<div class=\"wp-block-column is-layout-flow wp-block-column-is-layout-flow\">\n<h3 class=\"wp-block-heading\">Business Intelligence<\/h3>\n\n\n\n<figure class=\"wp-block-image size-large\"><img decoding=\"async\" width=\"2560\" height=\"1439\" src=\"https:\/\/consultoria54.com\/wp-content\/uploads\/2024\/01\/iStock-1357523381a-edited-scaled.jpg\" alt=\"\" class=\"wp-image-305\" srcset=\"https:\/\/consultoria54.com\/wp-content\/uploads\/2024\/01\/iStock-1357523381a-edited-scaled.jpg 2560w, https:\/\/consultoria54.com\/wp-content\/uploads\/2024\/01\/iStock-1357523381a-edited-300x169.jpg 300w, https:\/\/consultoria54.com\/wp-content\/uploads\/2024\/01\/iStock-1357523381a-edited-1024x576.jpg 1024w, https:\/\/consultoria54.com\/wp-content\/uploads\/2024\/01\/iStock-1357523381a-edited-768x432.jpg 768w, https:\/\/consultoria54.com\/wp-content\/uploads\/2024\/01\/iStock-1357523381a-edited-1536x863.jpg 1536w, https:\/\/consultoria54.com\/wp-content\/uploads\/2024\/01\/iStock-1357523381a-edited-2048x1151.jpg 2048w\" sizes=\"(max-width: 2560px) 100vw, 2560px\" \/><\/figure>\n\n\n\n<p>Utilizamos las mejores herramientas de analitica de datos para identificar, corregir y potenciar los indicadores clave de tu negocio, para una mejor toma de decisiones.<\/p>\n\n\n\n<div class=\"wp-block-buttons is-layout-flex wp-block-buttons-is-layout-flex\">\n<div class=\"wp-block-button is-style-primary\"><a class=\"wp-block-button__link wp-element-button\">M\u00e1s informaci\u00f3n<\/a><\/div>\n<\/div>\n\n\n\n<div style=\"height:30px\" aria-hidden=\"true\" class=\"wp-block-spacer\"><\/div>\n<\/div>\n<\/div>\n","protected":false},"excerpt":{"rendered":"<p>El objetivo de nuestra firma es transformar la complejidad financiera en soluciones personalizadas para tu \u00e9xito empresarial. Descubre una nueva era de asesoramiento profesional, donde cada uno de nuestros productos est\u00e1 dise\u00f1ado con precisi\u00f3n para potenciar el crecimiento de tu empresa. Contabilidad Desde los registros contables y las declaraciones de impuestos, hasta el manejo de&hellip;&nbsp;<a href=\"https:\/\/consultoria54.com\/index.php\/soluciones-para-tu-negocio\/\" rel=\"bookmark\">Leer m\u00e1s &raquo;<span class=\"screen-reader-text\">Soluciones para tu negocio<\/span><\/a><\/p>\n","protected":false},"author":1,"featured_media":0,"parent":0,"menu_order":0,"comment_status":"closed","ping_status":"closed","template":"","meta":{"neve_meta_sidebar":"","neve_meta_container":"","neve_meta_enable_content_width":"","neve_meta_content_width":0,"neve_meta_title_alignment":"","neve_meta_author_avatar":"","neve_post_elements_order":"","neve_meta_disable_header":"","neve_meta_disable_footer":"","neve_meta_disable_title":"","footnotes":""},"class_list":["post-301","page","type-page","status-publish","hentry"],"yoast_head":"<!-- This site is optimized with the Yoast SEO plugin v24.4 - https:\/\/yoast.com\/wordpress\/plugins\/seo\/ -->\n<title>Soluciones para tu negocio -<\/title>\n<meta name=\"robots\" content=\"index, follow, max-snippet:-1, max-image-preview:large, max-video-preview:-1\" \/>\n<link rel=\"canonical\" href=\"https:\/\/consultoria54.com\/index.php\/soluciones-para-tu-negocio\/\" \/>\n<meta property=\"og:locale\" content=\"es_MX\" \/>\n<meta property=\"og:type\" content=\"article\" \/>\n<meta property=\"og:title\" content=\"Soluciones para tu negocio -\" \/>\n<meta property=\"og:description\" content=\"El objetivo de nuestra firma es transformar la complejidad financiera en soluciones personalizadas para tu \u00e9xito empresarial. Descubre una nueva era de asesoramiento profesional, donde cada uno de nuestros productos est\u00e1 dise\u00f1ado con precisi\u00f3n para potenciar el crecimiento de tu empresa. Contabilidad Desde los registros contables y las declaraciones de impuestos, hasta el manejo de&hellip;&nbsp;Leer m\u00e1s &raquo;Soluciones para tu negocio\" \/>\n<meta property=\"og:url\" content=\"https:\/\/consultoria54.com\/index.php\/soluciones-para-tu-negocio\/\" \/>\n<meta property=\"article:modified_time\" content=\"2024-01-31T22:15:53+00:00\" \/>\n<meta property=\"og:image\" content=\"https:\/\/consultoria54.com\/wp-content\/uploads\/2024\/01\/Adaptive-Accountancy-Family-Business-Accountancy-Services-edited.webp\" \/>\n<meta name=\"twitter:card\" content=\"summary_large_image\" \/>\n<meta name=\"twitter:label1\" content=\"Tiempo de lectura\" \/>\n\t<meta name=\"twitter:data1\" content=\"2 minutos\" \/>\n<script type=\"application\/ld+json\" class=\"yoast-schema-graph\">{\"@context\":\"https:\/\/schema.org\",\"@graph\":[{\"@type\":\"WebPage\",\"@id\":\"https:\/\/consultoria54.com\/index.php\/soluciones-para-tu-negocio\/\",\"url\":\"https:\/\/consultoria54.com\/index.php\/soluciones-para-tu-negocio\/\",\"name\":\"Soluciones para tu negocio -\",\"isPartOf\":{\"@id\":\"https:\/\/consultoria54.com\/#website\"},\"primaryImageOfPage\":{\"@id\":\"https:\/\/consultoria54.com\/index.php\/soluciones-para-tu-negocio\/#primaryimage\"},\"image\":{\"@id\":\"https:\/\/consultoria54.com\/index.php\/soluciones-para-tu-negocio\/#primaryimage\"},\"thumbnailUrl\":\"https:\/\/consultoria54.com\/wp-content\/uploads\/2024\/01\/Adaptive-Accountancy-Family-Business-Accountancy-Services-edited.webp\",\"datePublished\":\"2024-01-31T21:44:24+00:00\",\"dateModified\":\"2024-01-31T22:15:53+00:00\",\"breadcrumb\":{\"@id\":\"https:\/\/consultoria54.com\/index.php\/soluciones-para-tu-negocio\/#breadcrumb\"},\"inLanguage\":\"es\",\"potentialAction\":[{\"@type\":\"ReadAction\",\"target\":[\"https:\/\/consultoria54.com\/index.php\/soluciones-para-tu-negocio\/\"]}]},{\"@type\":\"ImageObject\",\"inLanguage\":\"es\",\"@id\":\"https:\/\/consultoria54.com\/index.php\/soluciones-para-tu-negocio\/#primaryimage\",\"url\":\"https:\/\/consultoria54.com\/wp-content\/uploads\/2024\/01\/Adaptive-Accountancy-Family-Business-Accountancy-Services-edited.webp\",\"contentUrl\":\"https:\/\/consultoria54.com\/wp-content\/uploads\/2024\/01\/Adaptive-Accountancy-Family-Business-Accountancy-Services-edited.webp\",\"width\":768,\"height\":432},{\"@type\":\"BreadcrumbList\",\"@id\":\"https:\/\/consultoria54.com\/index.php\/soluciones-para-tu-negocio\/#breadcrumb\",\"itemListElement\":[{\"@type\":\"ListItem\",\"position\":1,\"name\":\"Inicio\",\"item\":\"https:\/\/consultoria54.com\/\"},{\"@type\":\"ListItem\",\"position\":2,\"name\":\"Soluciones para tu negocio\"}]},{\"@type\":\"WebSite\",\"@id\":\"https:\/\/consultoria54.com\/#website\",\"url\":\"https:\/\/consultoria54.com\/\",\"name\":\"www.consultoria54.com\",\"description\":\"\",\"publisher\":{\"@id\":\"https:\/\/consultoria54.com\/#organization\"},\"potentialAction\":[{\"@type\":\"SearchAction\",\"target\":{\"@type\":\"EntryPoint\",\"urlTemplate\":\"https:\/\/consultoria54.com\/?s={search_term_string}\"},\"query-input\":{\"@type\":\"PropertyValueSpecification\",\"valueRequired\":true,\"valueName\":\"search_term_string\"}}],\"inLanguage\":\"es\"},{\"@type\":\"Organization\",\"@id\":\"https:\/\/consultoria54.com\/#organization\",\"name\":\"Consultoria y Contaduria 54\",\"url\":\"https:\/\/consultoria54.com\/\",\"logo\":{\"@type\":\"ImageObject\",\"inLanguage\":\"es\",\"@id\":\"https:\/\/consultoria54.com\/#\/schema\/logo\/image\/\",\"url\":\"https:\/\/consultoria54.com\/wp-content\/uploads\/2022\/11\/LogotipoCuatroTintas.png\",\"contentUrl\":\"https:\/\/consultoria54.com\/wp-content\/uploads\/2022\/11\/LogotipoCuatroTintas.png\",\"width\":771,\"height\":132,\"caption\":\"Consultoria y Contaduria 54\"},\"image\":{\"@id\":\"https:\/\/consultoria54.com\/#\/schema\/logo\/image\/\"}}]}<\/script>\n<!-- \/ Yoast SEO plugin. -->","yoast_head_json":{"title":"Soluciones para tu negocio -","robots":{"index":"index","follow":"follow","max-snippet":"max-snippet:-1","max-image-preview":"max-image-preview:large","max-video-preview":"max-video-preview:-1"},"canonical":"https:\/\/consultoria54.com\/index.php\/soluciones-para-tu-negocio\/","og_locale":"es_MX","og_type":"article","og_title":"Soluciones para tu negocio -","og_description":"El objetivo de nuestra firma es transformar la complejidad financiera en soluciones personalizadas para tu \u00e9xito empresarial. Descubre una nueva era de asesoramiento profesional, donde cada uno de nuestros productos est\u00e1 dise\u00f1ado con precisi\u00f3n para potenciar el crecimiento de tu empresa. Contabilidad Desde los registros contables y las declaraciones de impuestos, hasta el manejo de&hellip;&nbsp;Leer m\u00e1s &raquo;Soluciones para tu negocio","og_url":"https:\/\/consultoria54.com\/index.php\/soluciones-para-tu-negocio\/","article_modified_time":"2024-01-31T22:15:53+00:00","og_image":[{"url":"https:\/\/consultoria54.com\/wp-content\/uploads\/2024\/01\/Adaptive-Accountancy-Family-Business-Accountancy-Services-edited.webp","type":"","width":"","height":""}],"twitter_card":"summary_large_image","twitter_misc":{"Tiempo de lectura":"2 minutos"},"schema":{"@context":"https:\/\/schema.org","@graph":[{"@type":"WebPage","@id":"https:\/\/consultoria54.com\/index.php\/soluciones-para-tu-negocio\/","url":"https:\/\/consultoria54.com\/index.php\/soluciones-para-tu-negocio\/","name":"Soluciones para tu negocio -","isPartOf":{"@id":"https:\/\/consultoria54.com\/#website"},"primaryImageOfPage":{"@id":"https:\/\/consultoria54.com\/index.php\/soluciones-para-tu-negocio\/#primaryimage"},"image":{"@id":"https:\/\/consultoria54.com\/index.php\/soluciones-para-tu-negocio\/#primaryimage"},"thumbnailUrl":"https:\/\/consultoria54.com\/wp-content\/uploads\/2024\/01\/Adaptive-Accountancy-Family-Business-Accountancy-Services-edited.webp","datePublished":"2024-01-31T21:44:24+00:00","dateModified":"2024-01-31T22:15:53+00:00","breadcrumb":{"@id":"https:\/\/consultoria54.com\/index.php\/soluciones-para-tu-negocio\/#breadcrumb"},"inLanguage":"es","potentialAction":[{"@type":"ReadAction","target":["https:\/\/consultoria54.com\/index.php\/soluciones-para-tu-negocio\/"]}]},{"@type":"ImageObject","inLanguage":"es","@id":"https:\/\/consultoria54.com\/index.php\/soluciones-para-tu-negocio\/#primaryimage","url":"https:\/\/consultoria54.com\/wp-content\/uploads\/2024\/01\/Adaptive-Accountancy-Family-Business-Accountancy-Services-edited.webp","contentUrl":"https:\/\/consultoria54.com\/wp-content\/uploads\/2024\/01\/Adaptive-Accountancy-Family-Business-Accountancy-Services-edited.webp","width":768,"height":432},{"@type":"BreadcrumbList","@id":"https:\/\/consultoria54.com\/index.php\/soluciones-para-tu-negocio\/#breadcrumb","itemListElement":[{"@type":"ListItem","position":1,"name":"Inicio","item":"https:\/\/consultoria54.com\/"},{"@type":"ListItem","position":2,"name":"Soluciones para tu negocio"}]},{"@type":"WebSite","@id":"https:\/\/consultoria54.com\/#website","url":"https:\/\/consultoria54.com\/","name":"www.consultoria54.com","description":"","publisher":{"@id":"https:\/\/consultoria54.com\/#organization"},"potentialAction":[{"@type":"SearchAction","target":{"@type":"EntryPoint","urlTemplate":"https:\/\/consultoria54.com\/?s={search_term_string}"},"query-input":{"@type":"PropertyValueSpecification","valueRequired":true,"valueName":"search_term_string"}}],"inLanguage":"es"},{"@type":"Organization","@id":"https:\/\/consultoria54.com\/#organization","name":"Consultoria y Contaduria 54","url":"https:\/\/consultoria54.com\/","logo":{"@type":"ImageObject","inLanguage":"es","@id":"https:\/\/consultoria54.com\/#\/schema\/logo\/image\/","url":"https:\/\/consultoria54.com\/wp-content\/uploads\/2022\/11\/LogotipoCuatroTintas.png","contentUrl":"https:\/\/consultoria54.com\/wp-content\/uploads\/2022\/11\/LogotipoCuatroTintas.png","width":771,"height":132,"caption":"Consultoria y Contaduria 54"},"image":{"@id":"https:\/\/consultoria54.com\/#\/schema\/logo\/image\/"}}]}},"_links":{"self":[{"href":"https:\/\/consultoria54.com\/index.php\/wp-json\/wp\/v2\/pages\/301","targetHints":{"allow":["GET"]}}],"collection":[{"href":"https:\/\/consultoria54.com\/index.php\/wp-json\/wp\/v2\/pages"}],"about":[{"href":"https:\/\/consultoria54.com\/index.php\/wp-json\/wp\/v2\/types\/page"}],"author":[{"embeddable":true,"href":"https:\/\/consultoria54.com\/index.php\/wp-json\/wp\/v2\/users\/1"}],"replies":[{"embeddable":true,"href":"https:\/\/consultoria54.com\/index.php\/wp-json\/wp\/v2\/comments?post=301"}],"version-history":[{"count":4,"href":"https:\/\/consultoria54.com\/index.php\/wp-json\/wp\/v2\/pages\/301\/revisions"}],"predecessor-version":[{"id":379,"href":"https:\/\/consultoria54.com\/index.php\/wp-json\/wp\/v2\/pages\/301\/revisions\/379"}],"wp:attachment":[{"href":"https:\/\/consultoria54.com\/index.php\/wp-json\/wp\/v2\/media?parent=301"}],"curies":[{"name":"wp","href":"https:\/\/api.w.org\/{rel}","templated":true}]}}